{"id":1125,"date":"2014-04-02T08:39:39","date_gmt":"2014-04-02T08:39:39","guid":{"rendered":"http:\/\/ogrody.greenpoint.kielce.pl\/?page_id=1125"},"modified":"2016-06-07T09:32:18","modified_gmt":"2016-06-07T09:32:18","slug":"realizacja-ogrodow-2","status":"publish","type":"page","link":"http:\/\/greenpoint.kielce.pl\/ogrody\/realizacja-ogrodow-2\/","title":{"rendered":"Realizacja ogrod\u00f3w"},"content":{"rendered":"<p>Na przestrzeni 20 lat zaprojektowali\u015bmy i za\u0142o\u017cyli\u015bmy kilkadziesi\u0105t ogrod\u00f3w, kt\u00f3re do dnia dzisiejszego ciesz\u0105 swych w\u0142a\u015bcicieli i ich go\u015bci. Zdobyte do\u015bwiadczenie daje gwarancj\u0119 najwy\u017cszej jako\u015bci naszych us\u0142ug i profesjonalnych rozwi\u0105za\u0144.<\/p>\n","protected":false},"excerpt":{"rendered":"<p>Na przestrzeni 20 lat zaprojektowali\u015bmy i za\u0142o\u017cyli\u015bmy kilkadziesi\u0105t ogrod\u00f3w, kt\u00f3re do dnia dzisiejszego ciesz\u0105 swych w\u0142a\u015bcicieli i ich go\u015bci. Zdobyte do\u015bwiadczenie daje gwarancj\u0119 najwy\u017cszej jako\u015bci naszych us\u0142ug i profesjonalnych rozwi\u0105za\u0144.<\/p>\n","protected":false},"author":1,"featured_media":0,"parent":0,"menu_order":0,"comment_status":"open","ping_status":"open","template":"","meta":[],"_links":{"self":[{"href":"http:\/\/greenpoint.kielce.pl\/ogrody\/wp-json\/wp\/v2\/pages\/1125"}],"collection":[{"href":"http:\/\/greenpoint.kielce.pl\/ogrody\/wp-json\/wp\/v2\/pages"}],"about":[{"href":"http:\/\/greenpoint.kielce.pl\/ogrody\/wp-json\/wp\/v2\/types\/page"}],"author":[{"embeddable":true,"href":"http:\/\/greenpoint.kielce.pl\/ogrody\/wp-json\/wp\/v2\/users\/1"}],"replies":[{"embeddable":true,"href":"http:\/\/greenpoint.kielce.pl\/ogrody\/wp-json\/wp\/v2\/comments?post=1125"}],"version-history":[{"count":4,"href":"http:\/\/greenpoint.kielce.pl\/ogrody\/wp-json\/wp\/v2\/pages\/1125\/revisions"}],"predecessor-version":[{"id":1623,"href":"http:\/\/greenpoint.kielce.pl\/ogrody\/wp-json\/wp\/v2\/pages\/1125\/revisions\/1623"}],"wp:attachment":[{"href":"http:\/\/greenpoint.kielce.pl\/ogrody\/wp-json\/wp\/v2\/media?parent=1125"}],"curies":[{"name":"wp","href":"https:\/\/api.w.org\/{rel}","templated":true}]}}